{"id":15240,"date":"2025-04-27T11:30:36","date_gmt":"2025-04-27T11:30:36","guid":{"rendered":"https:\/\/valerysun.com\/art\/dulce-contraste\/"},"modified":"2025-04-27T20:12:35","modified_gmt":"2025-04-27T20:12:35","slug":"dulce-contraste-poster","status":"publish","type":"product","link":"https:\/\/valerysun.com\/es\/art\/dulce-contraste-poster\/","title":{"rendered":"Dulce contraste P\u00f3ster"},"content":{"rendered":"","protected":false},"excerpt":{"rendered":"<p>Un p\u00f3ster de la obra original de Valerysun, llena de pasi\u00f3n estilo y elegancia.<\/p>\n[valerysun_legal_es]\n","protected":false},"featured_media":15237,"comment_status":"open","ping_status":"closed","template":"","meta":[],"product_brand":[],"product_cat":[85,75,73],"product_tag":[],"class_list":{"0":"post-15240","1":"product","2":"type-product","3":"status-publish","4":"has-post-thumbnail","6":"product_cat-posters-florales","7":"product_cat-arte-digital","8":"product_cat-cuadros","10":"first","11":"instock","12":"downloadable","13":"virtual","14":"purchasable","15":"product-type-simple"},"_links":{"self":[{"href":"https:\/\/valerysun.com\/es\/wp-json\/wp\/v2\/product\/15240","targetHints":{"allow":["GET"]}}],"collection":[{"href":"https:\/\/valerysun.com\/es\/wp-json\/wp\/v2\/product"}],"about":[{"href":"https:\/\/valerysun.com\/es\/wp-json\/wp\/v2\/types\/product"}],"replies":[{"embeddable":true,"href":"https:\/\/valerysun.com\/es\/wp-json\/wp\/v2\/comments?post=15240"}],"version-history":[{"count":2,"href":"https:\/\/valerysun.com\/es\/wp-json\/wp\/v2\/product\/15240\/revisions"}],"predecessor-version":[{"id":15260,"href":"https:\/\/valerysun.com\/es\/wp-json\/wp\/v2\/product\/15240\/revisions\/15260"}],"wp:featuredmedia":[{"embeddable":true,"href":"https:\/\/valerysun.com\/es\/wp-json\/wp\/v2\/media\/15237"}],"wp:attachment":[{"href":"https:\/\/valerysun.com\/es\/wp-json\/wp\/v2\/media?parent=15240"}],"wp:term":[{"taxonomy":"product_brand","embeddable":true,"href":"https:\/\/valerysun.com\/es\/wp-json\/wp\/v2\/product_brand?post=15240"},{"taxonomy":"product_cat","embeddable":true,"href":"https:\/\/valerysun.com\/es\/wp-json\/wp\/v2\/product_cat?post=15240"},{"taxonomy":"product_tag","embeddable":true,"href":"https:\/\/valerysun.com\/es\/wp-json\/wp\/v2\/product_tag?post=15240"}],"curies":[{"name":"wp","href":"https:\/\/api.w.org\/{rel}","templated":true}]}}