{"id":15227,"date":"2025-04-27T11:22:20","date_gmt":"2025-04-27T11:22:20","guid":{"rendered":"https:\/\/valerysun.com\/?post_type=product&#038;p=15227"},"modified":"2025-04-27T20:13:13","modified_gmt":"2025-04-27T20:13:13","slug":"luna-llena-dorada-poster","status":"publish","type":"product","link":"https:\/\/valerysun.com\/es\/art\/luna-llena-dorada-poster\/","title":{"rendered":"Luna llena dorada P\u00f3ster"},"content":{"rendered":"","protected":false},"excerpt":{"rendered":"<p>Un p\u00f3ster de la obra original de Valerysun, llena de pasi\u00f3n estilo y elegancia.<\/p>\n[valerysun_legal_es]\n","protected":false},"featured_media":15228,"comment_status":"open","ping_status":"closed","template":"","meta":[],"product_brand":[],"product_cat":[86,75,73],"product_tag":[],"class_list":{"0":"post-15227","1":"product","2":"type-product","3":"status-publish","4":"has-post-thumbnail","6":"product_cat-coleccion-vertical","7":"product_cat-arte-digital","8":"product_cat-cuadros","10":"first","11":"instock","12":"downloadable","13":"virtual","14":"purchasable","15":"product-type-simple"},"_links":{"self":[{"href":"https:\/\/valerysun.com\/es\/wp-json\/wp\/v2\/product\/15227","targetHints":{"allow":["GET"]}}],"collection":[{"href":"https:\/\/valerysun.com\/es\/wp-json\/wp\/v2\/product"}],"about":[{"href":"https:\/\/valerysun.com\/es\/wp-json\/wp\/v2\/types\/product"}],"replies":[{"embeddable":true,"href":"https:\/\/valerysun.com\/es\/wp-json\/wp\/v2\/comments?post=15227"}],"version-history":[{"count":2,"href":"https:\/\/valerysun.com\/es\/wp-json\/wp\/v2\/product\/15227\/revisions"}],"predecessor-version":[{"id":15243,"href":"https:\/\/valerysun.com\/es\/wp-json\/wp\/v2\/product\/15227\/revisions\/15243"}],"wp:featuredmedia":[{"embeddable":true,"href":"https:\/\/valerysun.com\/es\/wp-json\/wp\/v2\/media\/15228"}],"wp:attachment":[{"href":"https:\/\/valerysun.com\/es\/wp-json\/wp\/v2\/media?parent=15227"}],"wp:term":[{"taxonomy":"product_brand","embeddable":true,"href":"https:\/\/valerysun.com\/es\/wp-json\/wp\/v2\/product_brand?post=15227"},{"taxonomy":"product_cat","embeddable":true,"href":"https:\/\/valerysun.com\/es\/wp-json\/wp\/v2\/product_cat?post=15227"},{"taxonomy":"product_tag","embeddable":true,"href":"https:\/\/valerysun.com\/es\/wp-json\/wp\/v2\/product_tag?post=15227"}],"curies":[{"name":"wp","href":"https:\/\/api.w.org\/{rel}","templated":true}]}}