{"id":15224,"date":"2025-04-27T10:57:23","date_gmt":"2025-04-27T10:57:23","guid":{"rendered":"https:\/\/valerysun.com\/art\/mar-abstracto-poster\/"},"modified":"2025-04-27T20:13:50","modified_gmt":"2025-04-27T20:13:50","slug":"mar-abstracto-poster","status":"publish","type":"product","link":"https:\/\/valerysun.com\/es\/art\/mar-abstracto-poster\/","title":{"rendered":"Mar abstracto P\u00f3ster"},"content":{"rendered":"","protected":false},"excerpt":{"rendered":"<p>Un p\u00f3ster de la obra original de Valerysun, llena de pasi\u00f3n estilo y elegancia.<\/p>\n[valerysun_legal_en]\n<p>&nbsp;<\/p>\n<p>&nbsp;<\/p>\n","protected":false},"featured_media":14350,"comment_status":"open","ping_status":"closed","template":"","meta":[],"product_brand":[],"product_cat":[93,75,73],"product_tag":[],"class_list":{"0":"post-15224","1":"product","2":"type-product","3":"status-publish","4":"has-post-thumbnail","6":"product_cat-oceanos","7":"product_cat-arte-digital","8":"product_cat-cuadros","10":"first","11":"instock","12":"downloadable","13":"virtual","14":"purchasable","15":"product-type-simple"},"_links":{"self":[{"href":"https:\/\/valerysun.com\/es\/wp-json\/wp\/v2\/product\/15224","targetHints":{"allow":["GET"]}}],"collection":[{"href":"https:\/\/valerysun.com\/es\/wp-json\/wp\/v2\/product"}],"about":[{"href":"https:\/\/valerysun.com\/es\/wp-json\/wp\/v2\/types\/product"}],"replies":[{"embeddable":true,"href":"https:\/\/valerysun.com\/es\/wp-json\/wp\/v2\/comments?post=15224"}],"version-history":[{"count":1,"href":"https:\/\/valerysun.com\/es\/wp-json\/wp\/v2\/product\/15224\/revisions"}],"predecessor-version":[{"id":15226,"href":"https:\/\/valerysun.com\/es\/wp-json\/wp\/v2\/product\/15224\/revisions\/15226"}],"wp:featuredmedia":[{"embeddable":true,"href":"https:\/\/valerysun.com\/es\/wp-json\/wp\/v2\/media\/14350"}],"wp:attachment":[{"href":"https:\/\/valerysun.com\/es\/wp-json\/wp\/v2\/media?parent=15224"}],"wp:term":[{"taxonomy":"product_brand","embeddable":true,"href":"https:\/\/valerysun.com\/es\/wp-json\/wp\/v2\/product_brand?post=15224"},{"taxonomy":"product_cat","embeddable":true,"href":"https:\/\/valerysun.com\/es\/wp-json\/wp\/v2\/product_cat?post=15224"},{"taxonomy":"product_tag","embeddable":true,"href":"https:\/\/valerysun.com\/es\/wp-json\/wp\/v2\/product_tag?post=15224"}],"curies":[{"name":"wp","href":"https:\/\/api.w.org\/{rel}","templated":true}]}}