{"id":14693,"date":"2025-04-04T21:07:31","date_gmt":"2025-04-04T21:07:31","guid":{"rendered":"https:\/\/valerysun.com\/art\/ojos-romanticos-poster\/"},"modified":"2025-04-27T20:20:47","modified_gmt":"2025-04-27T20:20:47","slug":"ojos-romanticos-poster","status":"publish","type":"product","link":"https:\/\/valerysun.com\/es\/art\/ojos-romanticos-poster\/","title":{"rendered":"Ojos rom\u00e1nticos P\u00f3ster"},"content":{"rendered":"","protected":false},"excerpt":{"rendered":"<p>Un p\u00f3ster de la obra original de Valerysun, llena de pasi\u00f3n estilo y elegancia.<\/p>\n[valerysun_legal_es]\n<p>&nbsp;<\/p>\n","protected":false},"featured_media":14316,"comment_status":"open","ping_status":"closed","template":"","meta":[],"product_brand":[],"product_cat":[92,75,73],"product_tag":[],"class_list":{"0":"post-14693","1":"product","2":"type-product","3":"status-publish","4":"has-post-thumbnail","6":"product_cat-ojos","7":"product_cat-arte-digital","8":"product_cat-cuadros","10":"first","11":"instock","12":"downloadable","13":"virtual","14":"purchasable","15":"product-type-simple"},"_links":{"self":[{"href":"https:\/\/valerysun.com\/es\/wp-json\/wp\/v2\/product\/14693","targetHints":{"allow":["GET"]}}],"collection":[{"href":"https:\/\/valerysun.com\/es\/wp-json\/wp\/v2\/product"}],"about":[{"href":"https:\/\/valerysun.com\/es\/wp-json\/wp\/v2\/types\/product"}],"replies":[{"embeddable":true,"href":"https:\/\/valerysun.com\/es\/wp-json\/wp\/v2\/comments?post=14693"}],"version-history":[{"count":2,"href":"https:\/\/valerysun.com\/es\/wp-json\/wp\/v2\/product\/14693\/revisions"}],"predecessor-version":[{"id":14976,"href":"https:\/\/valerysun.com\/es\/wp-json\/wp\/v2\/product\/14693\/revisions\/14976"}],"wp:featuredmedia":[{"embeddable":true,"href":"https:\/\/valerysun.com\/es\/wp-json\/wp\/v2\/media\/14316"}],"wp:attachment":[{"href":"https:\/\/valerysun.com\/es\/wp-json\/wp\/v2\/media?parent=14693"}],"wp:term":[{"taxonomy":"product_brand","embeddable":true,"href":"https:\/\/valerysun.com\/es\/wp-json\/wp\/v2\/product_brand?post=14693"},{"taxonomy":"product_cat","embeddable":true,"href":"https:\/\/valerysun.com\/es\/wp-json\/wp\/v2\/product_cat?post=14693"},{"taxonomy":"product_tag","embeddable":true,"href":"https:\/\/valerysun.com\/es\/wp-json\/wp\/v2\/product_tag?post=14693"}],"curies":[{"name":"wp","href":"https:\/\/api.w.org\/{rel}","templated":true}]}}