{"id":14670,"date":"2025-04-04T20:11:30","date_gmt":"2025-04-04T20:11:30","guid":{"rendered":"https:\/\/valerysun.com\/art\/pina-colorida-poster\/"},"modified":"2025-04-27T20:30:39","modified_gmt":"2025-04-27T20:30:39","slug":"pina-colorida-poster","status":"publish","type":"product","link":"https:\/\/valerysun.com\/es\/art\/pina-colorida-poster\/","title":{"rendered":"Pi\u00f1a colorida P\u00f3ster"},"content":{"rendered":"","protected":false},"excerpt":{"rendered":"<p>Un p\u00f3ster de la obra original de Valerysun, llena de pasi\u00f3n estilo y elegancia.<\/p>\n[valerysun_legal_es]\n<p>&nbsp;<\/p>\n","protected":false},"featured_media":14298,"comment_status":"open","ping_status":"closed","template":"","meta":[],"product_brand":[],"product_cat":[85,75,73],"product_tag":[],"class_list":{"0":"post-14670","1":"product","2":"type-product","3":"status-publish","4":"has-post-thumbnail","6":"product_cat-posters-florales","7":"product_cat-arte-digital","8":"product_cat-cuadros","10":"first","11":"instock","12":"downloadable","13":"virtual","14":"purchasable","15":"product-type-simple"},"_links":{"self":[{"href":"https:\/\/valerysun.com\/es\/wp-json\/wp\/v2\/product\/14670","targetHints":{"allow":["GET"]}}],"collection":[{"href":"https:\/\/valerysun.com\/es\/wp-json\/wp\/v2\/product"}],"about":[{"href":"https:\/\/valerysun.com\/es\/wp-json\/wp\/v2\/types\/product"}],"replies":[{"embeddable":true,"href":"https:\/\/valerysun.com\/es\/wp-json\/wp\/v2\/comments?post=14670"}],"version-history":[{"count":2,"href":"https:\/\/valerysun.com\/es\/wp-json\/wp\/v2\/product\/14670\/revisions"}],"predecessor-version":[{"id":14997,"href":"https:\/\/valerysun.com\/es\/wp-json\/wp\/v2\/product\/14670\/revisions\/14997"}],"wp:featuredmedia":[{"embeddable":true,"href":"https:\/\/valerysun.com\/es\/wp-json\/wp\/v2\/media\/14298"}],"wp:attachment":[{"href":"https:\/\/valerysun.com\/es\/wp-json\/wp\/v2\/media?parent=14670"}],"wp:term":[{"taxonomy":"product_brand","embeddable":true,"href":"https:\/\/valerysun.com\/es\/wp-json\/wp\/v2\/product_brand?post=14670"},{"taxonomy":"product_cat","embeddable":true,"href":"https:\/\/valerysun.com\/es\/wp-json\/wp\/v2\/product_cat?post=14670"},{"taxonomy":"product_tag","embeddable":true,"href":"https:\/\/valerysun.com\/es\/wp-json\/wp\/v2\/product_tag?post=14670"}],"curies":[{"name":"wp","href":"https:\/\/api.w.org\/{rel}","templated":true}]}}