{"id":14668,"date":"2025-04-03T22:06:50","date_gmt":"2025-04-03T22:06:50","guid":{"rendered":"https:\/\/valerysun.com\/art\/frutas-coloridas-1-poster\/"},"modified":"2025-04-27T20:31:36","modified_gmt":"2025-04-27T20:31:36","slug":"frutas-coloridas-1-poster","status":"publish","type":"product","link":"https:\/\/valerysun.com\/es\/art\/frutas-coloridas-1-poster\/","title":{"rendered":"Frutas coloridas 1 P\u00f3ster"},"content":{"rendered":"","protected":false},"excerpt":{"rendered":"<p>Un p\u00f3ster de la obra original de Valerysun, llena de pasi\u00f3n, estilo y elegancia.<\/p>\n[valerysun_legal_es]\n<p>&nbsp;<\/p>\n","protected":false},"featured_media":14360,"comment_status":"open","ping_status":"closed","template":"","meta":[],"product_brand":[],"product_cat":[84,75,73],"product_tag":[],"class_list":{"0":"post-14668","1":"product","2":"type-product","3":"status-publish","4":"has-post-thumbnail","6":"product_cat-posters-frutales","7":"product_cat-arte-digital","8":"product_cat-cuadros","10":"first","11":"instock","12":"downloadable","13":"virtual","14":"purchasable","15":"product-type-simple"},"_links":{"self":[{"href":"https:\/\/valerysun.com\/es\/wp-json\/wp\/v2\/product\/14668","targetHints":{"allow":["GET"]}}],"collection":[{"href":"https:\/\/valerysun.com\/es\/wp-json\/wp\/v2\/product"}],"about":[{"href":"https:\/\/valerysun.com\/es\/wp-json\/wp\/v2\/types\/product"}],"replies":[{"embeddable":true,"href":"https:\/\/valerysun.com\/es\/wp-json\/wp\/v2\/comments?post=14668"}],"version-history":[{"count":3,"href":"https:\/\/valerysun.com\/es\/wp-json\/wp\/v2\/product\/14668\/revisions"}],"predecessor-version":[{"id":15001,"href":"https:\/\/valerysun.com\/es\/wp-json\/wp\/v2\/product\/14668\/revisions\/15001"}],"wp:featuredmedia":[{"embeddable":true,"href":"https:\/\/valerysun.com\/es\/wp-json\/wp\/v2\/media\/14360"}],"wp:attachment":[{"href":"https:\/\/valerysun.com\/es\/wp-json\/wp\/v2\/media?parent=14668"}],"wp:term":[{"taxonomy":"product_brand","embeddable":true,"href":"https:\/\/valerysun.com\/es\/wp-json\/wp\/v2\/product_brand?post=14668"},{"taxonomy":"product_cat","embeddable":true,"href":"https:\/\/valerysun.com\/es\/wp-json\/wp\/v2\/product_cat?post=14668"},{"taxonomy":"product_tag","embeddable":true,"href":"https:\/\/valerysun.com\/es\/wp-json\/wp\/v2\/product_tag?post=14668"}],"curies":[{"name":"wp","href":"https:\/\/api.w.org\/{rel}","templated":true}]}}